{"id":2,"date":"2022-07-26T11:58:29","date_gmt":"2022-07-26T11:58:29","guid":{"rendered":"http:\/\/localhost\/wordpress\/?page_id=2"},"modified":"2026-03-29T13:04:46","modified_gmt":"2026-03-29T13:04:46","slug":"sample-page","status":"publish","type":"page","link":"https:\/\/www.tsebestova.cz\/","title":{"rendered":"\u00davodn\u00ed str\u00e1nka"},"content":{"rendered":"\n<figure class=\"wp-block-image size-full is-style-default\" id=\"tatiana\"><img loading=\"lazy\" decoding=\"async\" width=\"176\" height=\"219\" src=\"http:\/\/www.tsebestova.cz\/wp-content\/uploads\/2022\/10\/Image8_nm-8.jpg\" alt=\"Ing. Ta\u0165\u00e1na \u0160ebestov\u00e1\" class=\"wp-image-67\"\/><\/figure>\n\n\n\n<p class=\"has-text-align-left\"><strong>Ing. et Ing. Ta\u0165\u00e1na \u0160ebestov\u00e1<\/strong><br>I\u010c: 711 89 891<br>DI\u010c: CZ 75 51 07 43 55<\/p>\n\n\n\n<hr class=\"wp-block-separator has-alpha-channel-opacity is-style-wide\"\/>\n\n\n\n<p id=\"kontakty\"><strong>Kontakty:<\/strong><br>mobil: +420 731 100 184<br>e-mail: tatanasebestova@seznam.cz <\/p>\n\n\n\n<p><strong>Kancel\u00e1\u0159:<\/strong><br><a rel=\"noreferrer noopener\" href=\"https:\/\/goo.gl\/maps\/QdmeVttSyh4gUN8e7\" target=\"_blank\">Mahlerova 1906\/8 <br><\/a>586 01 Jihlava <\/p>\n\n\n\n<p><strong>Pobo\u010dka:<\/strong><br><a href=\"https:\/\/goo.gl\/maps\/kBrjf26ZgSQShYgq8\" target=\"_blank\" rel=\"noreferrer noopener\">Bohdalov 127<br><\/a>592 13 Bohdalov <\/p>\n\n\n\n<hr class=\"wp-block-separator has-alpha-channel-opacity is-style-wide\"\/>\n\n\n\n<p id=\"sluzby\"><strong>Moje da\u0148ov\u00e1 kancel\u00e1\u0159 V\u00e1m m\u016f\u017ee usnadnit orientaci ve spleti z\u00e1kon\u016f a pomoci jak v za\u010d\u00e1tc\u00edch podnik\u00e1n\u00ed, tak i p\u0159i jeho rozvoji.<\/strong> <br>Hlavn\u00ed z\u00e1sadou p\u0159i poskytov\u00e1n\u00ed slu\u017eeb je individu\u00e1ln\u00ed p\u0159\u00edstup ke ka\u017ed\u00e9mu z&nbsp;klient\u016f, profesionalita, preciznost a spolehlivost. Poskytovan\u00e9 slu\u017eby nad\u00e1le zlep\u0161uji na z\u00e1klad\u011b dal\u0161\u00edho vzd\u011bl\u00e1v\u00e1n\u00ed v oboru a sou\u010dasn\u011b na z\u00e1klad\u011b zp\u011btn\u00e9 vazby od klient\u016f, jak\u00e9 jsou jejich pot\u0159eby a o\u010dek\u00e1v\u00e1n\u00ed. M\u00fdm hlavn\u00edm c\u00edlem je 100 % spokojenost klienta.<\/p>\n\n\n\n<p>P\u0159i poskytov\u00e1n\u00ed slu\u017eeb vyu\u017e\u00edv\u00e1m sv\u00e9 zku\u0161enosti da\u0148ov\u00e9ho poradce, asistenta auditora \u010di ekonomick\u00e9 \u0159editelky, kter\u00e9 jsem zast\u00e1vala ve spole\u010dnostech jak se zahrani\u010dn\u00ed tak i s tuzemskou \u00fa\u010dast\u00ed.<\/p>\n\n\n\n<p>Slu\u017eby mohu nab\u00eddnout v anglick\u00e9m, p\u0159\u00edpadn\u011b n\u011bmeck\u00e9m jazyce.<\/p>\n\n\n\n<p><strong>Da\u0148ov\u00e9 slu\u017eby:<\/strong><\/p>\n\n\n\n<p>Zpracov\u00e1n\u00ed da\u0148ov\u00e9ho p\u0159izn\u00e1n\u00ed k dani:<\/p>\n\n\n\n<ul class=\"wp-block-list\">\n<li>z p\u0159\u00edjm\u016f pr\u00e1vnick\u00fdch osob<\/li>\n\n\n\n<li>z p\u0159\u00edjm\u016f fyzick\u00fdch osob<\/li>\n\n\n\n<li>dan\u011b z p\u0159idan\u00e9 hodnoty<\/li>\n\n\n\n<li>majetkov\u00fdch dan\u00ed (da\u0148 z nemovit\u00fdch v\u011bc\u00ed, silni\u010dn\u00ed)<\/li>\n<\/ul>\n\n\n\n<p>Veden\u00ed da\u0148ov\u00e9 evidence.<\/p>\n\n\n\n<p><strong>Neziskov\u00e9 organizace<\/strong>:<\/p>\n\n\n\n<ul class=\"wp-block-list\">\n<li>da\u0148ov\u00e9 poradenstv\u00ed<\/li>\n\n\n\n<li>veden\u00ed \u00fa\u010detnictv\u00ed<\/li>\n<\/ul>\n\n\n\n<p><\/p>\n\n\n\n<p><strong>\u00da\u010detn\u00ed slu\u017eby<\/strong>:<\/p>\n\n\n\n<p>Veden\u00ed \u00fa\u010detnictv\u00ed pro podnikatelsk\u00e9 subjekty a tak\u00e9 pro subjekty, kter\u00e9 nejsou z\u0159\u00edzeny za \u00fa\u010delem podnik\u00e1n\u00ed.<br>Zpracov\u00e1n\u00ed ro\u010dn\u00ed \u00fa\u010detn\u00ed z\u00e1v\u011brky, p\u0159\u00edpadn\u00e1 komunikace s auditorem.<br>Konzulta\u010dn\u00ed a poradensk\u00e1 \u010dinnost v oblasti veden\u00ed \u00fa\u010detnictv\u00ed v\u010detn\u011b n\u00e1vaznost\u00ed do dan\u00ed.<\/p>\n\n\n\n<p><\/p>\n\n\n\n<p><strong>Mzdov\u00e1 evidence<\/strong>:<\/p>\n\n\n\n<p>Veden\u00ed m\u011bs\u00ed\u010dn\u00ed mzdov\u00e9 evidence.<br>Zpracov\u00e1n\u00ed ro\u010dn\u00ed mzdov\u00e9 z\u00e1v\u011brky v\u010detn\u011b v\u0161ech po\u017eadovan\u00fdch v\u00fdstup\u016f (pro klienta i jeho zam\u011bstnance).<\/p>\n\n\n\n<p><\/p>\n\n\n\n<p><strong>Finan\u010dn\u00ed poradenstv\u00ed<\/strong>:<\/p>\n\n\n\n<p>Finan\u010dn\u00ed poradenstv\u00ed je poskytov\u00e1no zejm\u00e9na v r\u00e1mci idividueln\u00edch projekt\u016f, jejich\u017e c\u00edlem obvykle b\u00fdv\u00e1 zv\u00fd\u0161en\u00ed efektivity a vyu\u017e\u00edv\u00e1n\u00ed intern\u00edho ERP tak, aby klient mohl dost\u00e1vat reporty v pravideln\u00e9m intervalu a m\u011bl tak mo\u017enost pravideln\u011b sledovat a vyhodnocovat hospoda\u0159en\u00ed spole\u010dnosti \u010di nastaven\u00e9 ukazatele (tzv. KPI). <\/p>\n\n\n\n<p>Ve\u0161ker\u00e9 \u010dinnosti jsou p\u0159izp\u016fsobeny individu\u00e1ln\u00edm po\u017eadavk\u016fm a pot\u0159eb\u00e1m klienta.<\/p>\n","protected":false},"excerpt":{"rendered":"<p>Ing. et Ing. Ta\u0165\u00e1na \u0160ebestov\u00e1I\u010c: 711 89 891DI\u010c: CZ 75 51 07 43 55 Kontakty:mobil: +420 731 100 184e-mail: tatanasebestova@seznam.cz Kancel\u00e1\u0159:Mahlerova 1906\/8 586 01 Jihlava Pobo\u010dka:Bohdalov 127592 13 Bohdalov Moje da\u0148ov\u00e1 kancel\u00e1\u0159 V\u00e1m m\u016f\u017ee usnadnit orientaci ve spleti z\u00e1kon\u016f a pomoci jak v za\u010d\u00e1tc\u00edch podnik\u00e1n\u00ed, tak i p\u0159i jeho rozvoji. Hlavn\u00ed z\u00e1sadou p\u0159i poskytov\u00e1n\u00ed slu\u017eeb&hellip; <br \/> <a class=\"button small blue\" href=\"https:\/\/www.tsebestova.cz\/\">Read more<\/a><\/p>\n","protected":false},"author":1,"featured_media":0,"parent":0,"menu_order":0,"comment_status":"closed","ping_status":"open","template":"","meta":{"footnotes":""},"class_list":["post-2","page","type-page","status-publish","hentry"],"_links":{"self":[{"href":"https:\/\/www.tsebestova.cz\/index.php?rest_route=\/wp\/v2\/pages\/2","targetHints":{"allow":["GET"]}}],"collection":[{"href":"https:\/\/www.tsebestova.cz\/index.php?rest_route=\/wp\/v2\/pages"}],"about":[{"href":"https:\/\/www.tsebestova.cz\/index.php?rest_route=\/wp\/v2\/types\/page"}],"author":[{"embeddable":true,"href":"https:\/\/www.tsebestova.cz\/index.php?rest_route=\/wp\/v2\/users\/1"}],"replies":[{"embeddable":true,"href":"https:\/\/www.tsebestova.cz\/index.php?rest_route=%2Fwp%2Fv2%2Fcomments&post=2"}],"version-history":[{"count":115,"href":"https:\/\/www.tsebestova.cz\/index.php?rest_route=\/wp\/v2\/pages\/2\/revisions"}],"predecessor-version":[{"id":322,"href":"https:\/\/www.tsebestova.cz\/index.php?rest_route=\/wp\/v2\/pages\/2\/revisions\/322"}],"wp:attachment":[{"href":"https:\/\/www.tsebestova.cz\/index.php?rest_route=%2Fwp%2Fv2%2Fmedia&parent=2"}],"curies":[{"name":"wp","href":"https:\/\/api.w.org\/{rel}","templated":true}]}}